{"id":26,"date":"2025-03-11T10:23:41","date_gmt":"2025-03-11T10:23:41","guid":{"rendered":"https:\/\/filmdd.mastercmw.com\/?page_id=26"},"modified":"2025-04-11T02:38:26","modified_gmt":"2025-04-11T02:38:26","slug":"page_accueil","status":"publish","type":"page","link":"https:\/\/filmsdd.mastercmw.com\/","title":{"rendered":"Films DD \u2013 La vitrine du double dipl\u00f4me audiovisuel"},"content":{"rendered":"\t\t<div data-elementor-type=\"wp-page\" data-elementor-id=\"26\" class=\"elementor elementor-26\">\n\t\t\t\t<div class=\"elementor-element elementor-element-fc6fb48 e-flex e-con-boxed e-con e-parent\" data-id=\"fc6fb48\" data-element_type=\"container\">\n\t\t\t\t\t<div class=\"e-con-inner\">\n\t\t\t\t<div class=\"elementor-element elementor-element-23190e1 elementor-widget elementor-widget-text-editor\" data-id=\"23190e1\" data-element_type=\"widget\" data-widget_type=\"text-editor.default\">\n\t\t\t\t<div class=\"elementor-widget-container\">\n\t\t\t\t\t\t\t\t\t<h5 data-start=\"128\" data-end=\"198\"><span style=\"color: #0e0d0d; font-size: 15px; font-weight: 400;\">Bienvenue sur\u00a0<\/span><span style=\"color: #0e0d0d; font-size: 15px; font-weight: bolder;\" data-start=\"214\" data-end=\"226\">Films DD<\/span><span style=\"color: #0e0d0d; font-size: 15px; font-weight: 400;\">, la plateforme officielle de diffusion des courts-m\u00e9trages r\u00e9alis\u00e9s par les \u00e9tudiants du double dipl\u00f4me entre le Master\u00a0<\/span><em style=\"color: #0e0d0d; font-size: 15px; font-weight: 400;\" data-start=\"347\" data-end=\"374\">Culture et M\u00e9tiers du Web<\/em><span style=\"color: #0e0d0d; font-size: 15px; font-weight: 400;\">\u00a0(Universit\u00e9 Gustave Eiffel \u2013 France) et le cursus audiovisuel de\u00a0<\/span><em style=\"color: #0e0d0d; font-size: 15px; font-weight: 400;\" data-start=\"440\" data-end=\"461\">Dong-Eui University<\/em><span style=\"color: #0e0d0d; font-size: 15px; font-weight: 400;\">\u00a0(Busan \u2013 Cor\u00e9e du Sud).<\/span><\/h5>\t\t\t\t\t\t\t\t<\/div>\n\t\t\t\t<\/div>\n\t\t\t\t\t<\/div>\n\t\t\t\t<\/div>\n\t\t<div class=\"elementor-element elementor-element-773ad93 e-con-full e-flex e-con e-parent\" data-id=\"773ad93\" data-element_type=\"container\" data-settings=\"{&quot;background_background&quot;:&quot;gradient&quot;}\">\n\t\t\t\t<div class=\"elementor-element elementor-element-d7860a9 elementor-widget-divider--view-line elementor-widget elementor-widget-divider\" data-id=\"d7860a9\" data-element_type=\"widget\" data-widget_type=\"divider.default\">\n\t\t\t\t<div class=\"elementor-widget-container\">\n\t\t\t\t\t\t\t<div class=\"elementor-divider\">\n\t\t\t<span class=\"elementor-divider-separator\">\n\t\t\t\t\t\t<\/span>\n\t\t<\/div>\n\t\t\t\t\t\t<\/div>\n\t\t\t\t<\/div>\n\t\t\t\t<div class=\"elementor-element elementor-element-6752226 elementor-widget elementor-widget-spacer\" data-id=\"6752226\" data-element_type=\"widget\" data-widget_type=\"spacer.default\">\n\t\t\t\t<div class=\"elementor-widget-container\">\n\t\t\t\t\t\t\t<div class=\"elementor-spacer\">\n\t\t\t<div class=\"elementor-spacer-inner\"><\/div>\n\t\t<\/div>\n\t\t\t\t\t\t<\/div>\n\t\t\t\t<\/div>\n\t\t\t\t<div class=\"elementor-element elementor-element-d54f020 elementor-widget elementor-widget-heading\" data-id=\"d54f020\" data-element_type=\"widget\" data-widget_type=\"heading.default\">\n\t\t\t\t<div class=\"elementor-widget-container\">\n\t\t\t\t\t<h2 class=\"elementor-heading-title elementor-size-default\">Vos r\u00e9alisations<\/h2>\t\t\t\t<\/div>\n\t\t\t\t<\/div>\n\t\t\t\t<\/div>\n\t\t<div class=\"elementor-element elementor-element-8796361 e-grid e-con-full e-con e-parent\" data-id=\"8796361\" data-element_type=\"container\">\n\t\t\t\t<div class=\"elementor-element elementor-element-5ecfe57 elementor-widget elementor-widget-image\" data-id=\"5ecfe57\" data-element_type=\"widget\" data-widget_type=\"image.default\">\n\t\t\t\t<div class=\"elementor-widget-container\">\n\t\t\t\t\t\t\t\t\t\t\t\t\t\t\t\t<a href=\"https:\/\/filmsdd.mastercmw.com\/?p=95\">\n\t\t\t\t\t\t\t<img fetchpriority=\"high\" decoding=\"async\" width=\"640\" height=\"905\" src=\"https:\/\/filmsdd.mastercmw.com\/wp-content\/uploads\/2025\/03\/KOCAINE-724x1024.jpg\" class=\"attachment-large size-large wp-image-194\" alt=\"\" srcset=\"https:\/\/filmsdd.mastercmw.com\/wp-content\/uploads\/2025\/03\/KOCAINE-724x1024.jpg 724w, https:\/\/filmsdd.mastercmw.com\/wp-content\/uploads\/2025\/03\/KOCAINE-600x849.jpg 600w, https:\/\/filmsdd.mastercmw.com\/wp-content\/uploads\/2025\/03\/KOCAINE-212x300.jpg 212w, https:\/\/filmsdd.mastercmw.com\/wp-content\/uploads\/2025\/03\/KOCAINE-768x1086.jpg 768w, https:\/\/filmsdd.mastercmw.com\/wp-content\/uploads\/2025\/03\/KOCAINE-1086x1536.jpg 1086w, https:\/\/filmsdd.mastercmw.com\/wp-content\/uploads\/2025\/03\/KOCAINE-1448x2048.jpg 1448w, https:\/\/filmsdd.mastercmw.com\/wp-content\/uploads\/2025\/03\/KOCAINE.jpg 1587w\" sizes=\"(max-width: 640px) 100vw, 640px\" \/>\t\t\t\t\t\t\t\t<\/a>\n\t\t\t\t\t\t\t\t\t\t\t\t\t\t\t<\/div>\n\t\t\t\t<\/div>\n\t\t\t\t<div class=\"elementor-element elementor-element-2032772 elementor-widget elementor-widget-image\" data-id=\"2032772\" data-element_type=\"widget\" data-widget_type=\"image.default\">\n\t\t\t\t<div class=\"elementor-widget-container\">\n\t\t\t\t\t\t\t\t\t\t\t\t\t\t\t\t<a href=\"https:\/\/filmsdd.mastercmw.com\/?p=96\">\n\t\t\t\t\t\t\t<img decoding=\"async\" width=\"640\" height=\"905\" src=\"https:\/\/filmsdd.mastercmw.com\/wp-content\/uploads\/2025\/03\/drowing-out-silence-2-poster-724x1024.jpg\" class=\"attachment-large size-large wp-image-217\" alt=\"\" srcset=\"https:\/\/filmsdd.mastercmw.com\/wp-content\/uploads\/2025\/03\/drowing-out-silence-2-poster-724x1024.jpg 724w, https:\/\/filmsdd.mastercmw.com\/wp-content\/uploads\/2025\/03\/drowing-out-silence-2-poster-600x849.jpg 600w, https:\/\/filmsdd.mastercmw.com\/wp-content\/uploads\/2025\/03\/drowing-out-silence-2-poster-212x300.jpg 212w, https:\/\/filmsdd.mastercmw.com\/wp-content\/uploads\/2025\/03\/drowing-out-silence-2-poster-768x1086.jpg 768w, https:\/\/filmsdd.mastercmw.com\/wp-content\/uploads\/2025\/03\/drowing-out-silence-2-poster-1086x1536.jpg 1086w, https:\/\/filmsdd.mastercmw.com\/wp-content\/uploads\/2025\/03\/drowing-out-silence-2-poster-1448x2048.jpg 1448w, https:\/\/filmsdd.mastercmw.com\/wp-content\/uploads\/2025\/03\/drowing-out-silence-2-poster.jpg 1587w\" sizes=\"(max-width: 640px) 100vw, 640px\" \/>\t\t\t\t\t\t\t\t<\/a>\n\t\t\t\t\t\t\t\t\t\t\t\t\t\t\t<\/div>\n\t\t\t\t<\/div>\n\t\t\t\t<div class=\"elementor-element elementor-element-c56bd58 elementor-widget elementor-widget-image\" data-id=\"c56bd58\" data-element_type=\"widget\" data-widget_type=\"image.default\">\n\t\t\t\t<div class=\"elementor-widget-container\">\n\t\t\t\t\t\t\t\t\t\t\t\t\t\t\t\t<a href=\"https:\/\/filmsdd.mastercmw.com\/?p=97\">\n\t\t\t\t\t\t\t<img decoding=\"async\" width=\"640\" height=\"905\" src=\"https:\/\/filmsdd.mastercmw.com\/wp-content\/uploads\/2025\/03\/evening-poster-724x1024.jpg\" class=\"attachment-large size-large wp-image-226\" alt=\"\" srcset=\"https:\/\/filmsdd.mastercmw.com\/wp-content\/uploads\/2025\/03\/evening-poster-724x1024.jpg 724w, https:\/\/filmsdd.mastercmw.com\/wp-content\/uploads\/2025\/03\/evening-poster-600x849.jpg 600w, https:\/\/filmsdd.mastercmw.com\/wp-content\/uploads\/2025\/03\/evening-poster-212x300.jpg 212w, https:\/\/filmsdd.mastercmw.com\/wp-content\/uploads\/2025\/03\/evening-poster-768x1086.jpg 768w, https:\/\/filmsdd.mastercmw.com\/wp-content\/uploads\/2025\/03\/evening-poster-1086x1536.jpg 1086w, https:\/\/filmsdd.mastercmw.com\/wp-content\/uploads\/2025\/03\/evening-poster-1448x2048.jpg 1448w, https:\/\/filmsdd.mastercmw.com\/wp-content\/uploads\/2025\/03\/evening-poster.jpg 1587w\" sizes=\"(max-width: 640px) 100vw, 640px\" \/>\t\t\t\t\t\t\t\t<\/a>\n\t\t\t\t\t\t\t\t\t\t\t\t\t\t\t<\/div>\n\t\t\t\t<\/div>\n\t\t\t\t<div class=\"elementor-element elementor-element-8867e76 elementor-widget elementor-widget-image\" data-id=\"8867e76\" data-element_type=\"widget\" data-widget_type=\"image.default\">\n\t\t\t\t<div class=\"elementor-widget-container\">\n\t\t\t\t\t\t\t\t\t\t\t\t\t\t\t\t<a href=\"https:\/\/filmsdd.mastercmw.com\/?p=98\">\n\t\t\t\t\t\t\t<img loading=\"lazy\" decoding=\"async\" width=\"640\" height=\"905\" src=\"https:\/\/filmsdd.mastercmw.com\/wp-content\/uploads\/2025\/03\/desorientee-poster-724x1024.jpg\" class=\"attachment-large size-large wp-image-216\" alt=\"\" srcset=\"https:\/\/filmsdd.mastercmw.com\/wp-content\/uploads\/2025\/03\/desorientee-poster-724x1024.jpg 724w, https:\/\/filmsdd.mastercmw.com\/wp-content\/uploads\/2025\/03\/desorientee-poster-600x849.jpg 600w, https:\/\/filmsdd.mastercmw.com\/wp-content\/uploads\/2025\/03\/desorientee-poster-212x300.jpg 212w, https:\/\/filmsdd.mastercmw.com\/wp-content\/uploads\/2025\/03\/desorientee-poster-768x1086.jpg 768w, https:\/\/filmsdd.mastercmw.com\/wp-content\/uploads\/2025\/03\/desorientee-poster-1086x1536.jpg 1086w, https:\/\/filmsdd.mastercmw.com\/wp-content\/uploads\/2025\/03\/desorientee-poster-1448x2048.jpg 1448w, https:\/\/filmsdd.mastercmw.com\/wp-content\/uploads\/2025\/03\/desorientee-poster.jpg 1587w\" sizes=\"(max-width: 640px) 100vw, 640px\" \/>\t\t\t\t\t\t\t\t<\/a>\n\t\t\t\t\t\t\t\t\t\t\t\t\t\t\t<\/div>\n\t\t\t\t<\/div>\n\t\t\t\t<div class=\"elementor-element elementor-element-d12c0a7 elementor-widget elementor-widget-image\" data-id=\"d12c0a7\" data-element_type=\"widget\" data-widget_type=\"image.default\">\n\t\t\t\t<div class=\"elementor-widget-container\">\n\t\t\t\t\t\t\t\t\t\t\t\t\t\t\t\t<a href=\"https:\/\/filmsdd.mastercmw.com\/?p=158\">\n\t\t\t\t\t\t\t<img loading=\"lazy\" decoding=\"async\" width=\"640\" height=\"905\" src=\"https:\/\/filmsdd.mastercmw.com\/wp-content\/uploads\/2025\/03\/le-voyage-deloise-finale-724x1024.jpg\" class=\"attachment-large size-large wp-image-208\" alt=\"\" srcset=\"https:\/\/filmsdd.mastercmw.com\/wp-content\/uploads\/2025\/03\/le-voyage-deloise-finale-724x1024.jpg 724w, https:\/\/filmsdd.mastercmw.com\/wp-content\/uploads\/2025\/03\/le-voyage-deloise-finale-600x849.jpg 600w, https:\/\/filmsdd.mastercmw.com\/wp-content\/uploads\/2025\/03\/le-voyage-deloise-finale-212x300.jpg 212w, https:\/\/filmsdd.mastercmw.com\/wp-content\/uploads\/2025\/03\/le-voyage-deloise-finale-768x1086.jpg 768w, https:\/\/filmsdd.mastercmw.com\/wp-content\/uploads\/2025\/03\/le-voyage-deloise-finale-1086x1536.jpg 1086w, https:\/\/filmsdd.mastercmw.com\/wp-content\/uploads\/2025\/03\/le-voyage-deloise-finale-1448x2048.jpg 1448w, https:\/\/filmsdd.mastercmw.com\/wp-content\/uploads\/2025\/03\/le-voyage-deloise-finale.jpg 1587w\" sizes=\"(max-width: 640px) 100vw, 640px\" \/>\t\t\t\t\t\t\t\t<\/a>\n\t\t\t\t\t\t\t\t\t\t\t\t\t\t\t<\/div>\n\t\t\t\t<\/div>\n\t\t\t\t<div class=\"elementor-element elementor-element-76375eb elementor-widget elementor-widget-image\" data-id=\"76375eb\" data-element_type=\"widget\" data-widget_type=\"image.default\">\n\t\t\t\t<div class=\"elementor-widget-container\">\n\t\t\t\t\t\t\t\t\t\t\t\t\t\t\t\t<a href=\"https:\/\/filmsdd.mastercmw.com\/?p=312\">\n\t\t\t\t\t\t\t<img loading=\"lazy\" decoding=\"async\" width=\"640\" height=\"905\" src=\"https:\/\/filmsdd.mastercmw.com\/wp-content\/uploads\/2025\/04\/you-are-1-724x1024.jpg\" class=\"attachment-large size-large wp-image-495\" alt=\"\" srcset=\"https:\/\/filmsdd.mastercmw.com\/wp-content\/uploads\/2025\/04\/you-are-1-724x1024.jpg 724w, https:\/\/filmsdd.mastercmw.com\/wp-content\/uploads\/2025\/04\/you-are-1-212x300.jpg 212w, https:\/\/filmsdd.mastercmw.com\/wp-content\/uploads\/2025\/04\/you-are-1-768x1086.jpg 768w, https:\/\/filmsdd.mastercmw.com\/wp-content\/uploads\/2025\/04\/you-are-1-1086x1536.jpg 1086w, https:\/\/filmsdd.mastercmw.com\/wp-content\/uploads\/2025\/04\/you-are-1-1448x2048.jpg 1448w, https:\/\/filmsdd.mastercmw.com\/wp-content\/uploads\/2025\/04\/you-are-1.jpg 1587w\" sizes=\"(max-width: 640px) 100vw, 640px\" \/>\t\t\t\t\t\t\t\t<\/a>\n\t\t\t\t\t\t\t\t\t\t\t\t\t\t\t<\/div>\n\t\t\t\t<\/div>\n\t\t\t\t<div class=\"elementor-element elementor-element-bf1462a elementor-widget elementor-widget-image\" data-id=\"bf1462a\" data-element_type=\"widget\" data-widget_type=\"image.default\">\n\t\t\t\t<div class=\"elementor-widget-container\">\n\t\t\t\t\t\t\t\t\t\t\t\t\t\t\t\t<a href=\"https:\/\/filmsdd.mastercmw.com\/?p=310\">\n\t\t\t\t\t\t\t<img loading=\"lazy\" decoding=\"async\" width=\"640\" height=\"905\" src=\"https:\/\/filmsdd.mastercmw.com\/wp-content\/uploads\/2025\/04\/from-me-to-myself-724x1024.jpg\" class=\"attachment-large size-large wp-image-496\" alt=\"\" srcset=\"https:\/\/filmsdd.mastercmw.com\/wp-content\/uploads\/2025\/04\/from-me-to-myself-724x1024.jpg 724w, https:\/\/filmsdd.mastercmw.com\/wp-content\/uploads\/2025\/04\/from-me-to-myself-212x300.jpg 212w, https:\/\/filmsdd.mastercmw.com\/wp-content\/uploads\/2025\/04\/from-me-to-myself-768x1086.jpg 768w, https:\/\/filmsdd.mastercmw.com\/wp-content\/uploads\/2025\/04\/from-me-to-myself-1086x1536.jpg 1086w, https:\/\/filmsdd.mastercmw.com\/wp-content\/uploads\/2025\/04\/from-me-to-myself-1448x2048.jpg 1448w, https:\/\/filmsdd.mastercmw.com\/wp-content\/uploads\/2025\/04\/from-me-to-myself.jpg 1587w\" sizes=\"(max-width: 640px) 100vw, 640px\" \/>\t\t\t\t\t\t\t\t<\/a>\n\t\t\t\t\t\t\t\t\t\t\t\t\t\t\t<\/div>\n\t\t\t\t<\/div>\n\t\t\t\t<\/div>\n\t\t\t\t<\/div>\n\t\t","protected":false},"excerpt":{"rendered":"<p>Bienvenue sur\u00a0Films DD, la plateforme officielle de diffusion des courts-m\u00e9trages r\u00e9alis\u00e9s par les \u00e9tudiants du double dipl\u00f4me entre le Master\u00a0Culture et M\u00e9tiers du Web\u00a0(Universit\u00e9 Gustave Eiffel \u2013 France) et le cursus audiovisuel de\u00a0Dong-Eui University\u00a0(Busan \u2013 Cor\u00e9e du Sud). Vos r\u00e9alisations<\/p>\n","protected":false},"author":1,"featured_media":0,"parent":0,"menu_order":0,"comment_status":"closed","ping_status":"closed","template":"","meta":{"_regular_price":[],"currency_symbol":[],"footnotes":""},"class_list":["post-26","page","type-page","status-publish","hentry"],"post_slider_layout_featured_media_urls":{"thumbnail":"","post_slider_layout_landscape_large":"","post_slider_layout_portrait_large":"","post_slider_layout_square_large":"","post_slider_layout_landscape":"","post_slider_layout_portrait":"","post_slider_layout_square":"","full":""},"yoast_head":"<!-- This site is optimized with the Yoast SEO plugin v24.6 - https:\/\/yoast.com\/wordpress\/plugins\/seo\/ -->\n<title>Films DD \u2013 La vitrine du double dipl\u00f4me audiovisuel - Films DD<\/title>\n<meta name=\"robots\" content=\"index, follow, max-snippet:-1, max-image-preview:large, max-video-preview:-1\" \/>\n<link rel=\"canonical\" href=\"https:\/\/filmsdd.mastercmw.com\/\" \/>\n<meta property=\"og:locale\" content=\"fr_FR\" \/>\n<meta property=\"og:type\" content=\"article\" \/>\n<meta property=\"og:title\" content=\"Films DD \u2013 La vitrine du double dipl\u00f4me audiovisuel - Films DD\" \/>\n<meta property=\"og:description\" content=\"Bienvenue sur\u00a0Films DD, la plateforme officielle de diffusion des courts-m\u00e9trages r\u00e9alis\u00e9s par les \u00e9tudiants du double dipl\u00f4me entre le Master\u00a0Culture et M\u00e9tiers du Web\u00a0(Universit\u00e9 Gustave Eiffel \u2013 France) et le cursus audiovisuel de\u00a0Dong-Eui University\u00a0(Busan \u2013 Cor\u00e9e du Sud). Vos r\u00e9alisations\" \/>\n<meta property=\"og:url\" content=\"https:\/\/filmsdd.mastercmw.com\/\" \/>\n<meta property=\"og:site_name\" content=\"Films DD\" \/>\n<meta property=\"article:modified_time\" content=\"2025-04-11T02:38:26+00:00\" \/>\n<meta property=\"og:image\" content=\"https:\/\/filmsdd.mastercmw.com\/wp-content\/uploads\/2025\/03\/KOCAINE.jpg\" \/>\n\t<meta property=\"og:image:width\" content=\"1587\" \/>\n\t<meta property=\"og:image:height\" content=\"2245\" \/>\n\t<meta property=\"og:image:type\" content=\"image\/jpeg\" \/>\n<meta name=\"twitter:card\" content=\"summary_large_image\" \/>\n<meta name=\"twitter:label1\" content=\"Dur\u00e9e de lecture estim\u00e9e\" \/>\n\t<meta name=\"twitter:data1\" content=\"2 minutes\" \/>\n<script type=\"application\/ld+json\" class=\"yoast-schema-graph\">{\"@context\":\"https:\/\/schema.org\",\"@graph\":[{\"@type\":\"WebPage\",\"@id\":\"https:\/\/filmsdd.mastercmw.com\/\",\"url\":\"https:\/\/filmsdd.mastercmw.com\/\",\"name\":\"Films DD \u2013 La vitrine du double dipl\u00f4me audiovisuel - Films DD\",\"isPartOf\":{\"@id\":\"https:\/\/filmsdd.mastercmw.com\/#website\"},\"primaryImageOfPage\":{\"@id\":\"https:\/\/filmsdd.mastercmw.com\/#primaryimage\"},\"image\":{\"@id\":\"https:\/\/filmsdd.mastercmw.com\/#primaryimage\"},\"thumbnailUrl\":\"https:\/\/filmsdd.mastercmw.com\/wp-content\/uploads\/2025\/03\/KOCAINE-724x1024.jpg\",\"datePublished\":\"2025-03-11T10:23:41+00:00\",\"dateModified\":\"2025-04-11T02:38:26+00:00\",\"breadcrumb\":{\"@id\":\"https:\/\/filmsdd.mastercmw.com\/#breadcrumb\"},\"inLanguage\":\"fr-FR\",\"potentialAction\":[{\"@type\":\"ReadAction\",\"target\":[\"https:\/\/filmsdd.mastercmw.com\/\"]}]},{\"@type\":\"ImageObject\",\"inLanguage\":\"fr-FR\",\"@id\":\"https:\/\/filmsdd.mastercmw.com\/#primaryimage\",\"url\":\"https:\/\/filmsdd.mastercmw.com\/wp-content\/uploads\/2025\/03\/KOCAINE.jpg\",\"contentUrl\":\"https:\/\/filmsdd.mastercmw.com\/wp-content\/uploads\/2025\/03\/KOCAINE.jpg\",\"width\":1587,\"height\":2245},{\"@type\":\"BreadcrumbList\",\"@id\":\"https:\/\/filmsdd.mastercmw.com\/#breadcrumb\",\"itemListElement\":[{\"@type\":\"ListItem\",\"position\":1,\"name\":\"Accueil\",\"item\":\"https:\/\/filmsdd.mastercmw.com\/\"},{\"@type\":\"ListItem\",\"position\":2,\"name\":\"Films DD \u2013 La vitrine du double dipl\u00f4me audiovisuel\"}]},{\"@type\":\"WebSite\",\"@id\":\"https:\/\/filmsdd.mastercmw.com\/#website\",\"url\":\"https:\/\/filmsdd.mastercmw.com\/\",\"name\":\"Films DD\",\"description\":\"\",\"publisher\":{\"@id\":\"https:\/\/filmsdd.mastercmw.com\/#organization\"},\"potentialAction\":[{\"@type\":\"SearchAction\",\"target\":{\"@type\":\"EntryPoint\",\"urlTemplate\":\"https:\/\/filmsdd.mastercmw.com\/?s={search_term_string}\"},\"query-input\":{\"@type\":\"PropertyValueSpecification\",\"valueRequired\":true,\"valueName\":\"search_term_string\"}}],\"inLanguage\":\"fr-FR\"},{\"@type\":\"Organization\",\"@id\":\"https:\/\/filmsdd.mastercmw.com\/#organization\",\"name\":\"Films DD\",\"url\":\"https:\/\/filmsdd.mastercmw.com\/\",\"logo\":{\"@type\":\"ImageObject\",\"inLanguage\":\"fr-FR\",\"@id\":\"https:\/\/filmsdd.mastercmw.com\/#\/schema\/logo\/image\/\",\"url\":\"https:\/\/filmsdd.mastercmw.com\/wp-content\/uploads\/2025\/03\/logos-1.png\",\"contentUrl\":\"https:\/\/filmsdd.mastercmw.com\/wp-content\/uploads\/2025\/03\/logos-1.png\",\"width\":874,\"height\":279,\"caption\":\"Films DD\"},\"image\":{\"@id\":\"https:\/\/filmsdd.mastercmw.com\/#\/schema\/logo\/image\/\"}}]}<\/script>\n<!-- \/ Yoast SEO plugin. -->","yoast_head_json":{"title":"Films DD \u2013 La vitrine du double dipl\u00f4me audiovisuel - Films DD","robots":{"index":"index","follow":"follow","max-snippet":"max-snippet:-1","max-image-preview":"max-image-preview:large","max-video-preview":"max-video-preview:-1"},"canonical":"https:\/\/filmsdd.mastercmw.com\/","og_locale":"fr_FR","og_type":"article","og_title":"Films DD \u2013 La vitrine du double dipl\u00f4me audiovisuel - Films DD","og_description":"Bienvenue sur\u00a0Films DD, la plateforme officielle de diffusion des courts-m\u00e9trages r\u00e9alis\u00e9s par les \u00e9tudiants du double dipl\u00f4me entre le Master\u00a0Culture et M\u00e9tiers du Web\u00a0(Universit\u00e9 Gustave Eiffel \u2013 France) et le cursus audiovisuel de\u00a0Dong-Eui University\u00a0(Busan \u2013 Cor\u00e9e du Sud). Vos r\u00e9alisations","og_url":"https:\/\/filmsdd.mastercmw.com\/","og_site_name":"Films DD","article_modified_time":"2025-04-11T02:38:26+00:00","og_image":[{"width":1587,"height":2245,"url":"https:\/\/filmsdd.mastercmw.com\/wp-content\/uploads\/2025\/03\/KOCAINE.jpg","type":"image\/jpeg"}],"twitter_card":"summary_large_image","twitter_misc":{"Dur\u00e9e de lecture estim\u00e9e":"2 minutes"},"schema":{"@context":"https:\/\/schema.org","@graph":[{"@type":"WebPage","@id":"https:\/\/filmsdd.mastercmw.com\/","url":"https:\/\/filmsdd.mastercmw.com\/","name":"Films DD \u2013 La vitrine du double dipl\u00f4me audiovisuel - Films DD","isPartOf":{"@id":"https:\/\/filmsdd.mastercmw.com\/#website"},"primaryImageOfPage":{"@id":"https:\/\/filmsdd.mastercmw.com\/#primaryimage"},"image":{"@id":"https:\/\/filmsdd.mastercmw.com\/#primaryimage"},"thumbnailUrl":"https:\/\/filmsdd.mastercmw.com\/wp-content\/uploads\/2025\/03\/KOCAINE-724x1024.jpg","datePublished":"2025-03-11T10:23:41+00:00","dateModified":"2025-04-11T02:38:26+00:00","breadcrumb":{"@id":"https:\/\/filmsdd.mastercmw.com\/#breadcrumb"},"inLanguage":"fr-FR","potentialAction":[{"@type":"ReadAction","target":["https:\/\/filmsdd.mastercmw.com\/"]}]},{"@type":"ImageObject","inLanguage":"fr-FR","@id":"https:\/\/filmsdd.mastercmw.com\/#primaryimage","url":"https:\/\/filmsdd.mastercmw.com\/wp-content\/uploads\/2025\/03\/KOCAINE.jpg","contentUrl":"https:\/\/filmsdd.mastercmw.com\/wp-content\/uploads\/2025\/03\/KOCAINE.jpg","width":1587,"height":2245},{"@type":"BreadcrumbList","@id":"https:\/\/filmsdd.mastercmw.com\/#breadcrumb","itemListElement":[{"@type":"ListItem","position":1,"name":"Accueil","item":"https:\/\/filmsdd.mastercmw.com\/"},{"@type":"ListItem","position":2,"name":"Films DD \u2013 La vitrine du double dipl\u00f4me audiovisuel"}]},{"@type":"WebSite","@id":"https:\/\/filmsdd.mastercmw.com\/#website","url":"https:\/\/filmsdd.mastercmw.com\/","name":"Films DD","description":"","publisher":{"@id":"https:\/\/filmsdd.mastercmw.com\/#organization"},"potentialAction":[{"@type":"SearchAction","target":{"@type":"EntryPoint","urlTemplate":"https:\/\/filmsdd.mastercmw.com\/?s={search_term_string}"},"query-input":{"@type":"PropertyValueSpecification","valueRequired":true,"valueName":"search_term_string"}}],"inLanguage":"fr-FR"},{"@type":"Organization","@id":"https:\/\/filmsdd.mastercmw.com\/#organization","name":"Films DD","url":"https:\/\/filmsdd.mastercmw.com\/","logo":{"@type":"ImageObject","inLanguage":"fr-FR","@id":"https:\/\/filmsdd.mastercmw.com\/#\/schema\/logo\/image\/","url":"https:\/\/filmsdd.mastercmw.com\/wp-content\/uploads\/2025\/03\/logos-1.png","contentUrl":"https:\/\/filmsdd.mastercmw.com\/wp-content\/uploads\/2025\/03\/logos-1.png","width":874,"height":279,"caption":"Films DD"},"image":{"@id":"https:\/\/filmsdd.mastercmw.com\/#\/schema\/logo\/image\/"}}]}},"_links":{"self":[{"href":"https:\/\/filmsdd.mastercmw.com\/index.php?rest_route=\/wp\/v2\/pages\/26","targetHints":{"allow":["GET"]}}],"collection":[{"href":"https:\/\/filmsdd.mastercmw.com\/index.php?rest_route=\/wp\/v2\/pages"}],"about":[{"href":"https:\/\/filmsdd.mastercmw.com\/index.php?rest_route=\/wp\/v2\/types\/page"}],"author":[{"embeddable":true,"href":"https:\/\/filmsdd.mastercmw.com\/index.php?rest_route=\/wp\/v2\/users\/1"}],"replies":[{"embeddable":true,"href":"https:\/\/filmsdd.mastercmw.com\/index.php?rest_route=%2Fwp%2Fv2%2Fcomments&post=26"}],"version-history":[{"count":130,"href":"https:\/\/filmsdd.mastercmw.com\/index.php?rest_route=\/wp\/v2\/pages\/26\/revisions"}],"predecessor-version":[{"id":594,"href":"https:\/\/filmsdd.mastercmw.com\/index.php?rest_route=\/wp\/v2\/pages\/26\/revisions\/594"}],"wp:attachment":[{"href":"https:\/\/filmsdd.mastercmw.com\/index.php?rest_route=%2Fwp%2Fv2%2Fmedia&parent=26"}],"curies":[{"name":"wp","href":"https:\/\/api.w.org\/{rel}","templated":true}]}}