{"id":259,"date":"2025-03-13T10:42:20","date_gmt":"2025-03-13T10:42:20","guid":{"rendered":"https:\/\/filmdd.mastercmw.com\/?page_id=259"},"modified":"2025-04-11T01:45:43","modified_gmt":"2025-04-11T01:45:43","slug":"refund_returns","status":"publish","type":"page","link":"https:\/\/filmsdd.mastercmw.com\/?page_id=259","title":{"rendered":"Politique de Confidentialit\u00e9"},"content":{"rendered":"\t\t<div data-elementor-type=\"wp-page\" data-elementor-id=\"259\" class=\"elementor elementor-259\">\n\t\t\t\t<div class=\"elementor-element elementor-element-67900591 e-flex e-con-boxed e-con e-parent\" data-id=\"67900591\" data-element_type=\"container\">\n\t\t\t\t\t<div class=\"e-con-inner\">\n\t\t\t\t<div class=\"elementor-element elementor-element-f248666 elementor-widget elementor-widget-heading\" data-id=\"f248666\" data-element_type=\"widget\" data-widget_type=\"heading.default\">\n\t\t\t\t<div class=\"elementor-widget-container\">\n\t\t\t\t\t<h2 class=\"elementor-heading-title elementor-size-default\">Protection des donn\u00e9es personnelles <\/h2>\t\t\t\t<\/div>\n\t\t\t\t<\/div>\n\t\t\t\t<div class=\"elementor-element elementor-element-0aae2c0 elementor-widget-divider--view-line elementor-widget elementor-widget-divider\" data-id=\"0aae2c0\" data-element_type=\"widget\" data-widget_type=\"divider.default\">\n\t\t\t\t<div class=\"elementor-widget-container\">\n\t\t\t\t\t\t\t<div class=\"elementor-divider\">\n\t\t\t<span class=\"elementor-divider-separator\">\n\t\t\t\t\t\t<\/span>\n\t\t<\/div>\n\t\t\t\t\t\t<\/div>\n\t\t\t\t<\/div>\n\t\t\t\t<div class=\"elementor-element elementor-element-ef72807 elementor-widget elementor-widget-text-editor\" data-id=\"ef72807\" data-element_type=\"widget\" data-widget_type=\"text-editor.default\">\n\t\t\t\t<div class=\"elementor-widget-container\">\n\t\t\t\t\t\t\t\t\t<p>Collecte minimale: Nous collectons uniquement les donn\u00e9es n\u00e9cessaires.\u00a0<\/p><p>Conformit\u00e9 RGPD: Notre site respecte les normes du RGPD.\u00a0<\/p><p>S\u00e9curit\u00e9 renforc\u00e9e: Vos donn\u00e9es sont prot\u00e9g\u00e9es avec soin.\u00a0<\/p><p>Le Master CMW recueille des informations lorsque vous remplissez le formulaire de contact. Nous accordons une importance particuli\u00e8re \u00e0 la protection de votre vie priv\u00e9e. C\u2019est pourquoi nous appliquons une collecte minimale de donn\u00e9es : seules les informations strictement n\u00e9cessaires au bon fonctionnement du site sont recueillies.\u00a0<\/p><p>Notre site est con\u00e7u en conformit\u00e9 avec le R\u00e8glement G\u00e9n\u00e9ral sur la Protection des Donn\u00e9es (RGPD), garantissant la transparence et le respect de vos droits en mati\u00e8re de confidentialit\u00e9.\u00a0<\/p><p>De plus, nous mettons en place des mesures de s\u00e9curit\u00e9 renforc\u00e9es afin d\u2019assurer la protection de vos informations contre tout acc\u00e8s non autoris\u00e9, perte ou alt\u00e9ration.\u00a0<\/p><p>Pour toute question ou demande concernant vos donn\u00e9es personnelles, vous pouvez nous contacter \u00e0 l\u2019adresse suivante :[\u00e0 d\u00e9finir]<\/p>\t\t\t\t\t\t\t\t<\/div>\n\t\t\t\t<\/div>\n\t\t\t\t<div class=\"elementor-element elementor-element-4736d90 elementor-widget elementor-widget-heading\" data-id=\"4736d90\" data-element_type=\"widget\" data-widget_type=\"heading.default\">\n\t\t\t\t<div class=\"elementor-widget-container\">\n\t\t\t\t\t<h2 class=\"elementor-heading-title elementor-size-default\">Cookies et suivi de l'utilisateur <\/h2>\t\t\t\t<\/div>\n\t\t\t\t<\/div>\n\t\t\t\t<div class=\"elementor-element elementor-element-32d5e04 elementor-widget-divider--view-line elementor-widget elementor-widget-divider\" data-id=\"32d5e04\" data-element_type=\"widget\" data-widget_type=\"divider.default\">\n\t\t\t\t<div class=\"elementor-widget-container\">\n\t\t\t\t\t\t\t<div class=\"elementor-divider\">\n\t\t\t<span class=\"elementor-divider-separator\">\n\t\t\t\t\t\t<\/span>\n\t\t<\/div>\n\t\t\t\t\t\t<\/div>\n\t\t\t\t<\/div>\n\t\t\t\t<div class=\"elementor-element elementor-element-9663bb5 elementor-widget elementor-widget-text-editor\" data-id=\"9663bb5\" data-element_type=\"widget\" data-widget_type=\"text-editor.default\">\n\t\t\t\t<div class=\"elementor-widget-container\">\n\t\t\t\t\t\t\t\t\t<p>Information sur les Cookies: Des cookies peuvent \u00eatre install\u00e9s lors de la visite. Ils enregistrent des donn\u00e9es de navigation.<\/p><p>Fonctionnalit\u00e9s Essentielles : Affichage du bandeau d&rsquo;information. Mesures statistiques du site.\u00a0<\/p><p>Google Analytics: Les statistiques sont \u00e9tablies via Google Analytics. Consultez leurs conditions g\u00e9n\u00e9rales.<\/p><p>Le visiteur est inform\u00e9 que lors de sa visite sur le site du Films DD, un ou des cookies peuvent \u00eatre install\u00e9(s) sur son ordinateur. Un cookie est un fichier, qui sans identifier l\u2019utilisateur, enregistre des informations relatives \u00e0 la navigation d\u2019un ordinateur sur un site. Ces cookies permettent essentiellement au site Films DD : \u2013 d\u2019afficher, lors de votre premi\u00e8re visite, le bandeau signalant la pr\u00e9sence de cookies et la facult\u00e9 que vous avez de les accepter ou de les refuser; \u2013 d\u2019\u00e9tablir des mesures statistiques de fr\u00e9quentation et d\u2019utilisation du site. Pour information, les donn\u00e9es statistiques sont effectu\u00e9es via Google Analytics. Vous pouvez consulter les conditions g\u00e9n\u00e9rales Google Analytics.<\/p>\t\t\t\t\t\t\t\t<\/div>\n\t\t\t\t<\/div>\n\t\t\t\t<div class=\"elementor-element elementor-element-7c6f8c9 elementor-widget elementor-widget-heading\" data-id=\"7c6f8c9\" data-element_type=\"widget\" data-widget_type=\"heading.default\">\n\t\t\t\t<div class=\"elementor-widget-container\">\n\t\t\t\t\t<h2 class=\"elementor-heading-title elementor-size-default\">M\u00e9thode de d\u00e9sabonnement<\/h2>\t\t\t\t<\/div>\n\t\t\t\t<\/div>\n\t\t\t\t\t<\/div>\n\t\t\t\t<\/div>\n\t\t<div class=\"elementor-element elementor-element-de58c87 e-flex e-con-boxed e-con e-parent\" data-id=\"de58c87\" data-element_type=\"container\">\n\t\t\t\t\t<div class=\"e-con-inner\">\n\t\t\t\t<div class=\"elementor-element elementor-element-4ed5f75 elementor-widget-divider--view-line elementor-widget elementor-widget-divider\" data-id=\"4ed5f75\" data-element_type=\"widget\" data-widget_type=\"divider.default\">\n\t\t\t\t<div class=\"elementor-widget-container\">\n\t\t\t\t\t\t\t<div class=\"elementor-divider\">\n\t\t\t<span class=\"elementor-divider-separator\">\n\t\t\t\t\t\t<\/span>\n\t\t<\/div>\n\t\t\t\t\t\t<\/div>\n\t\t\t\t<\/div>\n\t\t\t\t<div class=\"elementor-element elementor-element-5f024d1 elementor-widget elementor-widget-text-editor\" data-id=\"5f024d1\" data-element_type=\"widget\" data-widget_type=\"text-editor.default\">\n\t\t\t\t<div class=\"elementor-widget-container\">\n\t\t\t\t\t\t\t\t\t<p>Email: contact@filmsDDmastercmw.com\u00a0<\/p><p>Adresse: B\u00e2timent Bois de l\u2019\u00c9tang (b\u00e2timent C \u2013 Bureau C110) 77420 CHAMPS-SUR-MARNE\u00a0<\/p><p>Justificatif d&rsquo;identit\u00e9: Copie d\u2019un titre d\u2019identit\u00e9 sign\u00e9.\u00a0<\/p><p>Conform\u00e9ment \u00e0 la loi Informatique et Libert\u00e9s, vous disposez de droits concernant vos donn\u00e9es. En application de la r\u00e9glementation Informatique et libert\u00e9s, vous disposez d\u2019un droit d\u2019acc\u00e8s, de rectification, d\u2019effacement, de limitation du traitement, \u00e0 la portabilit\u00e9 et de d\u00e9finir le sort de vos donn\u00e9es apr\u00e8s votre d\u00e9c\u00e8s relativement \u00e0 l\u2019ensemble des donn\u00e9es vous concernant qui s\u2019exercent aupr\u00e8s du D\u00e9l\u00e9gu\u00e9 \u00e0 la protection des donn\u00e9es par courrier \u00e9lectronique \u00e0 l\u2019adresse suivante : contact@filmsDDmastercmw.com ou par courrier postal \u00e0 l\u2019adresse suivante : B\u00e2timent Bois de l\u2019 \u00c9tang (b\u00e2timent C \u2013 Bureau C110) 77420 CHAMPS-SUR-MARNE, accompagn\u00e9 d\u2019une copie d\u2019un titre d\u2019identit\u00e9 sign\u00e9.<\/p>\t\t\t\t\t\t\t\t<\/div>\n\t\t\t\t<\/div>\n\t\t\t\t\t<\/div>\n\t\t\t\t<\/div>\n\t\t\t\t<\/div>\n\t\t","protected":false},"excerpt":{"rendered":"<p>Protection des donn\u00e9es personnelles Collecte minimale: Nous collectons uniquement les donn\u00e9es n\u00e9cessaires.\u00a0 Conformit\u00e9 RGPD: Notre site respecte les normes du RGPD.\u00a0 S\u00e9curit\u00e9 renforc\u00e9e: Vos donn\u00e9es sont prot\u00e9g\u00e9es avec soin.\u00a0 Le Master CMW recueille des informations lorsque vous remplissez le formulaire de contact. Nous accordons une importance particuli\u00e8re \u00e0 la protection de votre vie priv\u00e9e. C\u2019est [&hellip;]<\/p>\n","protected":false},"author":1,"featured_media":0,"parent":0,"menu_order":0,"comment_status":"closed","ping_status":"closed","template":"","meta":{"_regular_price":[],"currency_symbol":[],"footnotes":""},"class_list":["post-259","page","type-page","status-publish","hentry"],"post_slider_layout_featured_media_urls":{"thumbnail":"","post_slider_layout_landscape_large":"","post_slider_layout_portrait_large":"","post_slider_layout_square_large":"","post_slider_layout_landscape":"","post_slider_layout_portrait":"","post_slider_layout_square":"","full":""},"yoast_head":"<!-- This site is optimized with the Yoast SEO plugin v24.6 - https:\/\/yoast.com\/wordpress\/plugins\/seo\/ -->\n<title>Politique de Confidentialit\u00e9 - Films DD<\/title>\n<meta name=\"robots\" content=\"index, follow, max-snippet:-1, max-image-preview:large, max-video-preview:-1\" \/>\n<link rel=\"canonical\" href=\"https:\/\/filmsdd.mastercmw.com\/?page_id=259\" \/>\n<meta property=\"og:locale\" content=\"fr_FR\" \/>\n<meta property=\"og:type\" content=\"article\" \/>\n<meta property=\"og:title\" content=\"Politique de Confidentialit\u00e9 - Films DD\" \/>\n<meta property=\"og:description\" content=\"Protection des donn\u00e9es personnelles Collecte minimale: Nous collectons uniquement les donn\u00e9es n\u00e9cessaires.\u00a0 Conformit\u00e9 RGPD: Notre site respecte les normes du RGPD.\u00a0 S\u00e9curit\u00e9 renforc\u00e9e: Vos donn\u00e9es sont prot\u00e9g\u00e9es avec soin.\u00a0 Le Master CMW recueille des informations lorsque vous remplissez le formulaire de contact. Nous accordons une importance particuli\u00e8re \u00e0 la protection de votre vie priv\u00e9e. C\u2019est [&hellip;]\" \/>\n<meta property=\"og:url\" content=\"https:\/\/filmsdd.mastercmw.com\/?page_id=259\" \/>\n<meta property=\"og:site_name\" content=\"Films DD\" \/>\n<meta property=\"article:modified_time\" content=\"2025-04-11T01:45:43+00:00\" \/>\n<meta name=\"twitter:card\" content=\"summary_large_image\" \/>\n<meta name=\"twitter:label1\" content=\"Dur\u00e9e de lecture estim\u00e9e\" \/>\n\t<meta name=\"twitter:data1\" content=\"3 minutes\" \/>\n<script type=\"application\/ld+json\" class=\"yoast-schema-graph\">{\"@context\":\"https:\/\/schema.org\",\"@graph\":[{\"@type\":\"WebPage\",\"@id\":\"https:\/\/filmsdd.mastercmw.com\/?page_id=259\",\"url\":\"https:\/\/filmsdd.mastercmw.com\/?page_id=259\",\"name\":\"Politique de Confidentialit\u00e9 - Films DD\",\"isPartOf\":{\"@id\":\"https:\/\/filmsdd.mastercmw.com\/#website\"},\"datePublished\":\"2025-03-13T10:42:20+00:00\",\"dateModified\":\"2025-04-11T01:45:43+00:00\",\"breadcrumb\":{\"@id\":\"https:\/\/filmsdd.mastercmw.com\/?page_id=259#breadcrumb\"},\"inLanguage\":\"fr-FR\",\"potentialAction\":[{\"@type\":\"ReadAction\",\"target\":[\"https:\/\/filmsdd.mastercmw.com\/?page_id=259\"]}]},{\"@type\":\"BreadcrumbList\",\"@id\":\"https:\/\/filmsdd.mastercmw.com\/?page_id=259#breadcrumb\",\"itemListElement\":[{\"@type\":\"ListItem\",\"position\":1,\"name\":\"Accueil\",\"item\":\"https:\/\/filmsdd.mastercmw.com\/\"},{\"@type\":\"ListItem\",\"position\":2,\"name\":\"Politique de Confidentialit\u00e9\"}]},{\"@type\":\"WebSite\",\"@id\":\"https:\/\/filmsdd.mastercmw.com\/#website\",\"url\":\"https:\/\/filmsdd.mastercmw.com\/\",\"name\":\"Films DD\",\"description\":\"\",\"publisher\":{\"@id\":\"https:\/\/filmsdd.mastercmw.com\/#organization\"},\"potentialAction\":[{\"@type\":\"SearchAction\",\"target\":{\"@type\":\"EntryPoint\",\"urlTemplate\":\"https:\/\/filmsdd.mastercmw.com\/?s={search_term_string}\"},\"query-input\":{\"@type\":\"PropertyValueSpecification\",\"valueRequired\":true,\"valueName\":\"search_term_string\"}}],\"inLanguage\":\"fr-FR\"},{\"@type\":\"Organization\",\"@id\":\"https:\/\/filmsdd.mastercmw.com\/#organization\",\"name\":\"Films DD\",\"url\":\"https:\/\/filmsdd.mastercmw.com\/\",\"logo\":{\"@type\":\"ImageObject\",\"inLanguage\":\"fr-FR\",\"@id\":\"https:\/\/filmsdd.mastercmw.com\/#\/schema\/logo\/image\/\",\"url\":\"https:\/\/filmsdd.mastercmw.com\/wp-content\/uploads\/2025\/03\/logos-1.png\",\"contentUrl\":\"https:\/\/filmsdd.mastercmw.com\/wp-content\/uploads\/2025\/03\/logos-1.png\",\"width\":874,\"height\":279,\"caption\":\"Films DD\"},\"image\":{\"@id\":\"https:\/\/filmsdd.mastercmw.com\/#\/schema\/logo\/image\/\"}}]}<\/script>\n<!-- \/ Yoast SEO plugin. -->","yoast_head_json":{"title":"Politique de Confidentialit\u00e9 - Films DD","robots":{"index":"index","follow":"follow","max-snippet":"max-snippet:-1","max-image-preview":"max-image-preview:large","max-video-preview":"max-video-preview:-1"},"canonical":"https:\/\/filmsdd.mastercmw.com\/?page_id=259","og_locale":"fr_FR","og_type":"article","og_title":"Politique de Confidentialit\u00e9 - Films DD","og_description":"Protection des donn\u00e9es personnelles Collecte minimale: Nous collectons uniquement les donn\u00e9es n\u00e9cessaires.\u00a0 Conformit\u00e9 RGPD: Notre site respecte les normes du RGPD.\u00a0 S\u00e9curit\u00e9 renforc\u00e9e: Vos donn\u00e9es sont prot\u00e9g\u00e9es avec soin.\u00a0 Le Master CMW recueille des informations lorsque vous remplissez le formulaire de contact. Nous accordons une importance particuli\u00e8re \u00e0 la protection de votre vie priv\u00e9e. C\u2019est [&hellip;]","og_url":"https:\/\/filmsdd.mastercmw.com\/?page_id=259","og_site_name":"Films DD","article_modified_time":"2025-04-11T01:45:43+00:00","twitter_card":"summary_large_image","twitter_misc":{"Dur\u00e9e de lecture estim\u00e9e":"3 minutes"},"schema":{"@context":"https:\/\/schema.org","@graph":[{"@type":"WebPage","@id":"https:\/\/filmsdd.mastercmw.com\/?page_id=259","url":"https:\/\/filmsdd.mastercmw.com\/?page_id=259","name":"Politique de Confidentialit\u00e9 - Films DD","isPartOf":{"@id":"https:\/\/filmsdd.mastercmw.com\/#website"},"datePublished":"2025-03-13T10:42:20+00:00","dateModified":"2025-04-11T01:45:43+00:00","breadcrumb":{"@id":"https:\/\/filmsdd.mastercmw.com\/?page_id=259#breadcrumb"},"inLanguage":"fr-FR","potentialAction":[{"@type":"ReadAction","target":["https:\/\/filmsdd.mastercmw.com\/?page_id=259"]}]},{"@type":"BreadcrumbList","@id":"https:\/\/filmsdd.mastercmw.com\/?page_id=259#breadcrumb","itemListElement":[{"@type":"ListItem","position":1,"name":"Accueil","item":"https:\/\/filmsdd.mastercmw.com\/"},{"@type":"ListItem","position":2,"name":"Politique de Confidentialit\u00e9"}]},{"@type":"WebSite","@id":"https:\/\/filmsdd.mastercmw.com\/#website","url":"https:\/\/filmsdd.mastercmw.com\/","name":"Films DD","description":"","publisher":{"@id":"https:\/\/filmsdd.mastercmw.com\/#organization"},"potentialAction":[{"@type":"SearchAction","target":{"@type":"EntryPoint","urlTemplate":"https:\/\/filmsdd.mastercmw.com\/?s={search_term_string}"},"query-input":{"@type":"PropertyValueSpecification","valueRequired":true,"valueName":"search_term_string"}}],"inLanguage":"fr-FR"},{"@type":"Organization","@id":"https:\/\/filmsdd.mastercmw.com\/#organization","name":"Films DD","url":"https:\/\/filmsdd.mastercmw.com\/","logo":{"@type":"ImageObject","inLanguage":"fr-FR","@id":"https:\/\/filmsdd.mastercmw.com\/#\/schema\/logo\/image\/","url":"https:\/\/filmsdd.mastercmw.com\/wp-content\/uploads\/2025\/03\/logos-1.png","contentUrl":"https:\/\/filmsdd.mastercmw.com\/wp-content\/uploads\/2025\/03\/logos-1.png","width":874,"height":279,"caption":"Films DD"},"image":{"@id":"https:\/\/filmsdd.mastercmw.com\/#\/schema\/logo\/image\/"}}]}},"_links":{"self":[{"href":"https:\/\/filmsdd.mastercmw.com\/index.php?rest_route=\/wp\/v2\/pages\/259","targetHints":{"allow":["GET"]}}],"collection":[{"href":"https:\/\/filmsdd.mastercmw.com\/index.php?rest_route=\/wp\/v2\/pages"}],"about":[{"href":"https:\/\/filmsdd.mastercmw.com\/index.php?rest_route=\/wp\/v2\/types\/page"}],"author":[{"embeddable":true,"href":"https:\/\/filmsdd.mastercmw.com\/index.php?rest_route=\/wp\/v2\/users\/1"}],"replies":[{"embeddable":true,"href":"https:\/\/filmsdd.mastercmw.com\/index.php?rest_route=%2Fwp%2Fv2%2Fcomments&post=259"}],"version-history":[{"count":6,"href":"https:\/\/filmsdd.mastercmw.com\/index.php?rest_route=\/wp\/v2\/pages\/259\/revisions"}],"predecessor-version":[{"id":570,"href":"https:\/\/filmsdd.mastercmw.com\/index.php?rest_route=\/wp\/v2\/pages\/259\/revisions\/570"}],"wp:attachment":[{"href":"https:\/\/filmsdd.mastercmw.com\/index.php?rest_route=%2Fwp%2Fv2%2Fmedia&parent=259"}],"curies":[{"name":"wp","href":"https:\/\/api.w.org\/{rel}","templated":true}]}}