{"id":141,"date":"2025-03-12T09:59:12","date_gmt":"2025-03-12T09:59:12","guid":{"rendered":"https:\/\/filmdd.mastercmw.com\/?page_id=141"},"modified":"2025-04-11T02:56:54","modified_gmt":"2025-04-11T02:56:54","slug":"a-propos","status":"publish","type":"page","link":"https:\/\/filmsdd.mastercmw.com\/?page_id=141","title":{"rendered":"\u00c0 propos"},"content":{"rendered":"\t\t<div data-elementor-type=\"wp-page\" data-elementor-id=\"141\" class=\"elementor elementor-141\">\n\t\t\t\t<div class=\"elementor-element elementor-element-177dc28 e-flex e-con-boxed e-con e-parent\" data-id=\"177dc28\" data-element_type=\"container\">\n\t\t\t\t\t<div class=\"e-con-inner\">\n\t\t\t\t<div class=\"elementor-element elementor-element-d1c0113 elementor-widget elementor-widget-text-editor\" data-id=\"d1c0113\" data-element_type=\"widget\" data-widget_type=\"text-editor.default\">\n\t\t\t\t<div class=\"elementor-widget-container\">\n\t\t\t\t\t\t\t\t\t<h4>Notre Mission<\/h4><p>Chaque ann\u00e9e, notre programme unique forme des \u00e9tudiants aux comp\u00e9tences crois\u00e9es du web et du cin\u00e9ma. Au terme de leur parcours, ces derniers r\u00e9alisent un court-m\u00e9trage int\u00e9gralement produit en Cor\u00e9e du Sud. <strong data-start=\"701\" data-end=\"782\">Films DD a \u00e9t\u00e9 pens\u00e9 comme un espace d\u00e9di\u00e9 \u00e0 la mise en lumi\u00e8re de ces \u0153uvres<\/strong> : un lieu o\u00f9 la technique, la narration et la sensibilit\u00e9 artistique de chaque \u00e9tudiant peuvent \u00eatre d\u00e9couvertes et partag\u00e9es.<\/p><p class=\"\" data-start=\"911\" data-end=\"940\">Sur ce site, vous trouverez :<\/p><ul data-start=\"941\" data-end=\"1331\"><li class=\"\" data-start=\"941\" data-end=\"1002\"><p class=\"\" data-start=\"943\" data-end=\"1002\">Un <strong data-start=\"946\" data-end=\"968\">catalogue de films<\/strong> class\u00e9s par ann\u00e9e et par auteur ;<\/p><\/li><li class=\"\" data-start=\"1003\" data-end=\"1119\"><p class=\"\" data-start=\"1005\" data-end=\"1119\">Des <strong data-start=\"1009\" data-end=\"1030\">fiches d\u00e9taill\u00e9es<\/strong> pr\u00e9sentant chaque projet, son synopsis, ses inspirations et son contexte de production ;<\/p><\/li><li class=\"\" data-start=\"1120\" data-end=\"1206\"><p class=\"\" data-start=\"1122\" data-end=\"1206\">Des <strong data-start=\"1126\" data-end=\"1147\">profils \u00e9tudiants<\/strong> mettant en valeur le parcours et les ambitions de chacun ;<\/p><\/li><li class=\"\" data-start=\"1207\" data-end=\"1331\"><p class=\"\" data-start=\"1209\" data-end=\"1331\">Et \u00e0 terme, un espace de <strong data-start=\"1234\" data-end=\"1266\">valorisation professionnelle<\/strong>, pens\u00e9 pour les recruteurs, festivals ou partenaires potentiels.<\/p><\/li><\/ul><p class=\"\" data-start=\"1333\" data-end=\"1612\">Notre ambition est simple : offrir aux \u00e9tudiants une <strong data-start=\"1386\" data-end=\"1427\">plateforme p\u00e9renne et professionnelle<\/strong>, capable de <strong data-start=\"1440\" data-end=\"1475\">diffuser, archiver et valoriser<\/strong> leurs cr\u00e9ations dans un cadre s\u00e9rieux et accessible, \u00e0 l\u2019image des grandes plateformes de streaming ou de portfolios d\u2019\u00e9coles de cin\u00e9ma.<\/p><p class=\"\" data-start=\"1614\" data-end=\"1730\">Films DD, c\u2019est <strong data-start=\"1630\" data-end=\"1730\">un pont entre deux cultures, deux disciplines, et une g\u00e9n\u00e9ration de jeunes cr\u00e9ateurs en devenir.<\/strong><\/p>\t\t\t\t\t\t\t\t<\/div>\n\t\t\t\t<\/div>\n\t\t\t\t<div class=\"elementor-element elementor-element-d5303b4 elementor-widget elementor-widget-spacer\" data-id=\"d5303b4\" data-element_type=\"widget\" data-widget_type=\"spacer.default\">\n\t\t\t\t<div class=\"elementor-widget-container\">\n\t\t\t\t\t\t\t<div class=\"elementor-spacer\">\n\t\t\t<div class=\"elementor-spacer-inner\"><\/div>\n\t\t<\/div>\n\t\t\t\t\t\t<\/div>\n\t\t\t\t<\/div>\n\t\t\t\t<div class=\"elementor-element elementor-element-c6c25f1 elementor-widget elementor-widget-heading\" data-id=\"c6c25f1\" data-element_type=\"widget\" data-widget_type=\"heading.default\">\n\t\t\t\t<div class=\"elementor-widget-container\">\n\t\t\t\t\t<h2 class=\"elementor-heading-title elementor-size-default\">Cr\u00e9dits<\/h2>\t\t\t\t<\/div>\n\t\t\t\t<\/div>\n\t\t\t\t<div class=\"elementor-element elementor-element-7fcefe4 elementor-widget-divider--view-line elementor-widget elementor-widget-divider\" data-id=\"7fcefe4\" data-element_type=\"widget\" data-widget_type=\"divider.default\">\n\t\t\t\t<div class=\"elementor-widget-container\">\n\t\t\t\t\t\t\t<div class=\"elementor-divider\">\n\t\t\t<span class=\"elementor-divider-separator\">\n\t\t\t\t\t\t<\/span>\n\t\t<\/div>\n\t\t\t\t\t\t<\/div>\n\t\t\t\t<\/div>\n\t\t\t\t<div class=\"elementor-element elementor-element-73511bf elementor-widget elementor-widget-text-editor\" data-id=\"73511bf\" data-element_type=\"widget\" data-widget_type=\"text-editor.default\">\n\t\t\t\t<div class=\"elementor-widget-container\">\n\t\t\t\t\t\t\t\t\t<p>Sources des \u00e9l\u00e9ments graphiques et visuels:\u00a0<\/p><p>Ic\u00f4nes et images : Nous utilisons des \u00e9l\u00e9ments graphiques provenant de biblioth\u00e8ques d\u2019images libres de droits telles que : Flaticon (ic\u00f4nes) Canva (\u00e9l\u00e9ments graphiques, si applicable)\u00a0<\/p><p>Typographies : Arial, disponibles via Google Fonts ou d\u2019autres plateformes libres de droits. Remerciements aux contributeurs \u25cf Un grand merci aux \u00e9tudiants et alumnis qui ont contribu\u00e9 aux courts-m\u00e9trages diffus\u00e9s sur le site.\u00a0<\/p><p>Merci aux enseignants et encadrants qui soutiennent ce projet.<\/p>\t\t\t\t\t\t\t\t<\/div>\n\t\t\t\t<\/div>\n\t\t\t\t<div class=\"elementor-element elementor-element-c8e8e4b elementor-widget elementor-widget-spacer\" data-id=\"c8e8e4b\" data-element_type=\"widget\" data-widget_type=\"spacer.default\">\n\t\t\t\t<div class=\"elementor-widget-container\">\n\t\t\t\t\t\t\t<div class=\"elementor-spacer\">\n\t\t\t<div class=\"elementor-spacer-inner\"><\/div>\n\t\t<\/div>\n\t\t\t\t\t\t<\/div>\n\t\t\t\t<\/div>\n\t\t\t\t<div class=\"elementor-element elementor-element-7edb256 elementor-widget elementor-widget-heading\" data-id=\"7edb256\" data-element_type=\"widget\" data-widget_type=\"heading.default\">\n\t\t\t\t<div class=\"elementor-widget-container\">\n\t\t\t\t\t<h2 class=\"elementor-heading-title elementor-size-default\">Acc\u00e8s et Usage du Site:\nConditions<\/h2>\t\t\t\t<\/div>\n\t\t\t\t<\/div>\n\t\t\t\t\t<\/div>\n\t\t\t\t<\/div>\n\t\t<div class=\"elementor-element elementor-element-13f7a59 e-flex e-con-boxed e-con e-parent\" data-id=\"13f7a59\" data-element_type=\"container\">\n\t\t\t\t\t<div class=\"e-con-inner\">\n\t\t\t\t<div class=\"elementor-element elementor-element-bbd64cf elementor-widget-divider--view-line elementor-widget elementor-widget-divider\" data-id=\"bbd64cf\" data-element_type=\"widget\" data-widget_type=\"divider.default\">\n\t\t\t\t<div class=\"elementor-widget-container\">\n\t\t\t\t\t\t\t<div class=\"elementor-divider\">\n\t\t\t<span class=\"elementor-divider-separator\">\n\t\t\t\t\t\t<\/span>\n\t\t<\/div>\n\t\t\t\t\t\t<\/div>\n\t\t\t\t<\/div>\n\t\t\t\t<div class=\"elementor-element elementor-element-c0c1f49 elementor-widget elementor-widget-text-editor\" data-id=\"c0c1f49\" data-element_type=\"widget\" data-widget_type=\"text-editor.default\">\n\t\t\t\t<div class=\"elementor-widget-container\">\n\t\t\t\t\t\t\t\t\t<p><b>Gratuit: <\/b>Acc\u00e8s Libre Accessible \u00e0 tous gratuitement.\u00a0<\/p><p><b>Respect:<\/b> Engagement Droits d\u2019auteur et r\u00e8gles de conduite.<\/p><h4>\u00a0<\/h4>\t\t\t\t\t\t\t\t<\/div>\n\t\t\t\t<\/div>\n\t\t\t\t\t<\/div>\n\t\t\t\t<\/div>\n\t\t\t\t<\/div>\n\t\t","protected":false},"excerpt":{"rendered":"<p>Notre Mission Chaque ann\u00e9e, notre programme unique forme des \u00e9tudiants aux comp\u00e9tences crois\u00e9es du web et du cin\u00e9ma. Au terme de leur parcours, ces derniers r\u00e9alisent un court-m\u00e9trage int\u00e9gralement produit en Cor\u00e9e du Sud. Films DD a \u00e9t\u00e9 pens\u00e9 comme un espace d\u00e9di\u00e9 \u00e0 la mise en lumi\u00e8re de ces \u0153uvres : un lieu o\u00f9 [&hellip;]<\/p>\n","protected":false},"author":1,"featured_media":0,"parent":0,"menu_order":0,"comment_status":"closed","ping_status":"closed","template":"","meta":{"_regular_price":[],"currency_symbol":[],"footnotes":""},"class_list":["post-141","page","type-page","status-publish","hentry"],"post_slider_layout_featured_media_urls":{"thumbnail":"","post_slider_layout_landscape_large":"","post_slider_layout_portrait_large":"","post_slider_layout_square_large":"","post_slider_layout_landscape":"","post_slider_layout_portrait":"","post_slider_layout_square":"","full":""},"yoast_head":"<!-- This site is optimized with the Yoast SEO plugin v24.6 - https:\/\/yoast.com\/wordpress\/plugins\/seo\/ -->\n<title>\u00c0 propos - Films DD<\/title>\n<meta name=\"robots\" content=\"index, follow, max-snippet:-1, max-image-preview:large, max-video-preview:-1\" \/>\n<link rel=\"canonical\" href=\"https:\/\/filmsdd.mastercmw.com\/?page_id=141\" \/>\n<meta property=\"og:locale\" content=\"fr_FR\" \/>\n<meta property=\"og:type\" content=\"article\" \/>\n<meta property=\"og:title\" content=\"\u00c0 propos - Films DD\" \/>\n<meta property=\"og:description\" content=\"Notre Mission Chaque ann\u00e9e, notre programme unique forme des \u00e9tudiants aux comp\u00e9tences crois\u00e9es du web et du cin\u00e9ma. Au terme de leur parcours, ces derniers r\u00e9alisent un court-m\u00e9trage int\u00e9gralement produit en Cor\u00e9e du Sud. Films DD a \u00e9t\u00e9 pens\u00e9 comme un espace d\u00e9di\u00e9 \u00e0 la mise en lumi\u00e8re de ces \u0153uvres : un lieu o\u00f9 [&hellip;]\" \/>\n<meta property=\"og:url\" content=\"https:\/\/filmsdd.mastercmw.com\/?page_id=141\" \/>\n<meta property=\"og:site_name\" content=\"Films DD\" \/>\n<meta property=\"article:modified_time\" content=\"2025-04-11T02:56:54+00:00\" \/>\n<meta name=\"twitter:card\" content=\"summary_large_image\" \/>\n<meta name=\"twitter:label1\" content=\"Dur\u00e9e de lecture estim\u00e9e\" \/>\n\t<meta name=\"twitter:data1\" content=\"2 minutes\" \/>\n<script type=\"application\/ld+json\" class=\"yoast-schema-graph\">{\"@context\":\"https:\/\/schema.org\",\"@graph\":[{\"@type\":\"WebPage\",\"@id\":\"https:\/\/filmsdd.mastercmw.com\/?page_id=141\",\"url\":\"https:\/\/filmsdd.mastercmw.com\/?page_id=141\",\"name\":\"\u00c0 propos - Films DD\",\"isPartOf\":{\"@id\":\"https:\/\/filmsdd.mastercmw.com\/#website\"},\"datePublished\":\"2025-03-12T09:59:12+00:00\",\"dateModified\":\"2025-04-11T02:56:54+00:00\",\"breadcrumb\":{\"@id\":\"https:\/\/filmsdd.mastercmw.com\/?page_id=141#breadcrumb\"},\"inLanguage\":\"fr-FR\",\"potentialAction\":[{\"@type\":\"ReadAction\",\"target\":[\"https:\/\/filmsdd.mastercmw.com\/?page_id=141\"]}]},{\"@type\":\"BreadcrumbList\",\"@id\":\"https:\/\/filmsdd.mastercmw.com\/?page_id=141#breadcrumb\",\"itemListElement\":[{\"@type\":\"ListItem\",\"position\":1,\"name\":\"Accueil\",\"item\":\"https:\/\/filmsdd.mastercmw.com\/\"},{\"@type\":\"ListItem\",\"position\":2,\"name\":\"\u00c0 propos\"}]},{\"@type\":\"WebSite\",\"@id\":\"https:\/\/filmsdd.mastercmw.com\/#website\",\"url\":\"https:\/\/filmsdd.mastercmw.com\/\",\"name\":\"Films DD\",\"description\":\"\",\"publisher\":{\"@id\":\"https:\/\/filmsdd.mastercmw.com\/#organization\"},\"potentialAction\":[{\"@type\":\"SearchAction\",\"target\":{\"@type\":\"EntryPoint\",\"urlTemplate\":\"https:\/\/filmsdd.mastercmw.com\/?s={search_term_string}\"},\"query-input\":{\"@type\":\"PropertyValueSpecification\",\"valueRequired\":true,\"valueName\":\"search_term_string\"}}],\"inLanguage\":\"fr-FR\"},{\"@type\":\"Organization\",\"@id\":\"https:\/\/filmsdd.mastercmw.com\/#organization\",\"name\":\"Films DD\",\"url\":\"https:\/\/filmsdd.mastercmw.com\/\",\"logo\":{\"@type\":\"ImageObject\",\"inLanguage\":\"fr-FR\",\"@id\":\"https:\/\/filmsdd.mastercmw.com\/#\/schema\/logo\/image\/\",\"url\":\"https:\/\/filmsdd.mastercmw.com\/wp-content\/uploads\/2025\/03\/logos-1.png\",\"contentUrl\":\"https:\/\/filmsdd.mastercmw.com\/wp-content\/uploads\/2025\/03\/logos-1.png\",\"width\":874,\"height\":279,\"caption\":\"Films DD\"},\"image\":{\"@id\":\"https:\/\/filmsdd.mastercmw.com\/#\/schema\/logo\/image\/\"}}]}<\/script>\n<!-- \/ Yoast SEO plugin. -->","yoast_head_json":{"title":"\u00c0 propos - Films DD","robots":{"index":"index","follow":"follow","max-snippet":"max-snippet:-1","max-image-preview":"max-image-preview:large","max-video-preview":"max-video-preview:-1"},"canonical":"https:\/\/filmsdd.mastercmw.com\/?page_id=141","og_locale":"fr_FR","og_type":"article","og_title":"\u00c0 propos - Films DD","og_description":"Notre Mission Chaque ann\u00e9e, notre programme unique forme des \u00e9tudiants aux comp\u00e9tences crois\u00e9es du web et du cin\u00e9ma. Au terme de leur parcours, ces derniers r\u00e9alisent un court-m\u00e9trage int\u00e9gralement produit en Cor\u00e9e du Sud. Films DD a \u00e9t\u00e9 pens\u00e9 comme un espace d\u00e9di\u00e9 \u00e0 la mise en lumi\u00e8re de ces \u0153uvres : un lieu o\u00f9 [&hellip;]","og_url":"https:\/\/filmsdd.mastercmw.com\/?page_id=141","og_site_name":"Films DD","article_modified_time":"2025-04-11T02:56:54+00:00","twitter_card":"summary_large_image","twitter_misc":{"Dur\u00e9e de lecture estim\u00e9e":"2 minutes"},"schema":{"@context":"https:\/\/schema.org","@graph":[{"@type":"WebPage","@id":"https:\/\/filmsdd.mastercmw.com\/?page_id=141","url":"https:\/\/filmsdd.mastercmw.com\/?page_id=141","name":"\u00c0 propos - Films DD","isPartOf":{"@id":"https:\/\/filmsdd.mastercmw.com\/#website"},"datePublished":"2025-03-12T09:59:12+00:00","dateModified":"2025-04-11T02:56:54+00:00","breadcrumb":{"@id":"https:\/\/filmsdd.mastercmw.com\/?page_id=141#breadcrumb"},"inLanguage":"fr-FR","potentialAction":[{"@type":"ReadAction","target":["https:\/\/filmsdd.mastercmw.com\/?page_id=141"]}]},{"@type":"BreadcrumbList","@id":"https:\/\/filmsdd.mastercmw.com\/?page_id=141#breadcrumb","itemListElement":[{"@type":"ListItem","position":1,"name":"Accueil","item":"https:\/\/filmsdd.mastercmw.com\/"},{"@type":"ListItem","position":2,"name":"\u00c0 propos"}]},{"@type":"WebSite","@id":"https:\/\/filmsdd.mastercmw.com\/#website","url":"https:\/\/filmsdd.mastercmw.com\/","name":"Films DD","description":"","publisher":{"@id":"https:\/\/filmsdd.mastercmw.com\/#organization"},"potentialAction":[{"@type":"SearchAction","target":{"@type":"EntryPoint","urlTemplate":"https:\/\/filmsdd.mastercmw.com\/?s={search_term_string}"},"query-input":{"@type":"PropertyValueSpecification","valueRequired":true,"valueName":"search_term_string"}}],"inLanguage":"fr-FR"},{"@type":"Organization","@id":"https:\/\/filmsdd.mastercmw.com\/#organization","name":"Films DD","url":"https:\/\/filmsdd.mastercmw.com\/","logo":{"@type":"ImageObject","inLanguage":"fr-FR","@id":"https:\/\/filmsdd.mastercmw.com\/#\/schema\/logo\/image\/","url":"https:\/\/filmsdd.mastercmw.com\/wp-content\/uploads\/2025\/03\/logos-1.png","contentUrl":"https:\/\/filmsdd.mastercmw.com\/wp-content\/uploads\/2025\/03\/logos-1.png","width":874,"height":279,"caption":"Films DD"},"image":{"@id":"https:\/\/filmsdd.mastercmw.com\/#\/schema\/logo\/image\/"}}]}},"_links":{"self":[{"href":"https:\/\/filmsdd.mastercmw.com\/index.php?rest_route=\/wp\/v2\/pages\/141","targetHints":{"allow":["GET"]}}],"collection":[{"href":"https:\/\/filmsdd.mastercmw.com\/index.php?rest_route=\/wp\/v2\/pages"}],"about":[{"href":"https:\/\/filmsdd.mastercmw.com\/index.php?rest_route=\/wp\/v2\/types\/page"}],"author":[{"embeddable":true,"href":"https:\/\/filmsdd.mastercmw.com\/index.php?rest_route=\/wp\/v2\/users\/1"}],"replies":[{"embeddable":true,"href":"https:\/\/filmsdd.mastercmw.com\/index.php?rest_route=%2Fwp%2Fv2%2Fcomments&post=141"}],"version-history":[{"count":31,"href":"https:\/\/filmsdd.mastercmw.com\/index.php?rest_route=\/wp\/v2\/pages\/141\/revisions"}],"predecessor-version":[{"id":597,"href":"https:\/\/filmsdd.mastercmw.com\/index.php?rest_route=\/wp\/v2\/pages\/141\/revisions\/597"}],"wp:attachment":[{"href":"https:\/\/filmsdd.mastercmw.com\/index.php?rest_route=%2Fwp%2Fv2%2Fmedia&parent=141"}],"curies":[{"name":"wp","href":"https:\/\/api.w.org\/{rel}","templated":true}]}}